{"id":330,"date":"2017-04-14T18:14:15","date_gmt":"2017-04-14T16:14:15","guid":{"rendered":"http:\/\/www.cryopur.com\/mentions-legales\/"},"modified":"2022-12-20T18:13:28","modified_gmt":"2022-12-20T17:13:28","slug":"legal-notice","status":"publish","type":"page","link":"http:\/\/www.cryopur.com\/en\/legal-notice\/","title":{"rendered":"Legal notice"},"content":{"rendered":"<p><strong>CRYO PUR<\/strong><br \/>\nCompany name : CRYO PUR<br \/>\nLegal form : Soci\u00e9t\u00e9 par actions simplifi\u00e9e (SAS)<br \/>\nHead office address : 4, rue du Vaulorin &#8211; 91320 Wissous &#8211; France<br \/>\nAmount of share capital : 1 599 841 \u20ac<br \/>\nEmail address : <a href=\"mailto:contact@cryopur.com\">contact@cryopur.com<\/a><br \/>\nPhone number : +33 1 80 38 41 32<br \/>\nRegistration number in the Trade and Companies Register : 811 286 178<br \/>\nIntracommunity VAT number : FR21 811286178<\/p>\n<p><strong>WEBSITE HOSTING :<\/strong><br \/>\nGANDI SAS<br \/>\n63-65 boulevard Mass\u00e9na &#8211; 75013 Paris &#8211; France<br \/>\nT\u00e9l\u00e9phone : +33 0 1 70 37 76 61<\/p>\n","protected":false},"excerpt":{"rendered":"<p>CRYO PUR Company name : CRYO PUR Legal form : Soci\u00e9t\u00e9 par actions simplifi\u00e9e (SAS) Head office address : 4, rue du Vaulorin &#8211; 91320 Wissous &#8211; France Amount of share capital : 1 599 841 \u20ac Email address : contact@cryopur.com Phone number : +33 1 80 38 41 32 Registration number in the Trade [&hellip;]<\/p>\n","protected":false},"author":2,"featured_media":1291,"parent":0,"menu_order":9,"comment_status":"closed","ping_status":"closed","template":"","meta":{"inline_featured_image":false},"acf":[],"yoast_head":"<!-- This site is optimized with the Yoast SEO plugin v19.8 - https:\/\/yoast.com\/wordpress\/plugins\/seo\/ -->\n<title>Legal notice<\/title>\n<meta name=\"robots\" content=\"index, follow, max-snippet:-1, max-image-preview:large, max-video-preview:-1\" \/>\n<link rel=\"canonical\" href=\"http:\/\/www.cryopur.com\/en\/legal-notice\/\" \/>\n<meta property=\"og:locale\" content=\"en_US\" \/>\n<meta property=\"og:type\" content=\"article\" \/>\n<meta property=\"og:title\" content=\"Legal notice\" \/>\n<meta property=\"og:description\" content=\"CRYO PUR Company name : CRYO PUR Legal form : Soci\u00e9t\u00e9 par actions simplifi\u00e9e (SAS) Head office address : 4, rue du Vaulorin &#8211; 91320 Wissous &#8211; France Amount of share capital : 1 599 841 \u20ac Email address : contact@cryopur.com Phone number : +33 1 80 38 41 32 Registration number in the Trade [&hellip;]\" \/>\n<meta property=\"og:url\" content=\"http:\/\/www.cryopur.com\/en\/legal-notice\/\" \/>\n<meta property=\"og:site_name\" content=\"Cryo Pur\" \/>\n<meta property=\"article:modified_time\" content=\"2022-12-20T17:13:28+00:00\" \/>\n<meta property=\"og:image\" content=\"http:\/\/www.cryopur.com\/wp-content\/uploads\/2017\/04\/CryoPur-Mentions_legales.jpg\" \/>\n\t<meta property=\"og:image:width\" content=\"1600\" \/>\n\t<meta property=\"og:image:height\" content=\"773\" \/>\n\t<meta property=\"og:image:type\" content=\"image\/jpeg\" \/>\n<meta name=\"twitter:card\" content=\"summary_large_image\" \/>\n<meta name=\"twitter:site\" content=\"@Cryo_Pur\" \/>\n<meta name=\"twitter:label1\" content=\"Est. reading time\" \/>\n\t<meta name=\"twitter:data1\" content=\"1 minute\" \/>\n<script type=\"application\/ld+json\" class=\"yoast-schema-graph\">{\"@context\":\"https:\/\/schema.org\",\"@graph\":[{\"@type\":\"WebPage\",\"@id\":\"http:\/\/www.cryopur.com\/en\/legal-notice\/\",\"url\":\"http:\/\/www.cryopur.com\/en\/legal-notice\/\",\"name\":\"Legal notice\",\"isPartOf\":{\"@id\":\"http:\/\/www.cryopur.com\/#website\"},\"datePublished\":\"2017-04-14T16:14:15+00:00\",\"dateModified\":\"2022-12-20T17:13:28+00:00\",\"breadcrumb\":{\"@id\":\"http:\/\/www.cryopur.com\/en\/legal-notice\/#breadcrumb\"},\"inLanguage\":\"en-US\",\"potentialAction\":[{\"@type\":\"ReadAction\",\"target\":[\"http:\/\/www.cryopur.com\/en\/legal-notice\/\"]}]},{\"@type\":\"BreadcrumbList\",\"@id\":\"http:\/\/www.cryopur.com\/en\/legal-notice\/#breadcrumb\",\"itemListElement\":[{\"@type\":\"ListItem\",\"position\":1,\"name\":\"Accueil\",\"item\":\"http:\/\/www.cryopur.com\/en\/\"},{\"@type\":\"ListItem\",\"position\":2,\"name\":\"Legal notice\"}]},{\"@type\":\"WebSite\",\"@id\":\"http:\/\/www.cryopur.com\/#website\",\"url\":\"http:\/\/www.cryopur.com\/\",\"name\":\"Cryo Pur\",\"description\":\"From waste to fuel\",\"potentialAction\":[{\"@type\":\"SearchAction\",\"target\":{\"@type\":\"EntryPoint\",\"urlTemplate\":\"http:\/\/www.cryopur.com\/?s={search_term_string}\"},\"query-input\":\"required name=search_term_string\"}],\"inLanguage\":\"en-US\"}]}<\/script>\n<!-- \/ Yoast SEO plugin. -->","yoast_head_json":{"title":"Legal notice","robots":{"index":"index","follow":"follow","max-snippet":"max-snippet:-1","max-image-preview":"max-image-preview:large","max-video-preview":"max-video-preview:-1"},"canonical":"http:\/\/www.cryopur.com\/en\/legal-notice\/","og_locale":"en_US","og_type":"article","og_title":"Legal notice","og_description":"CRYO PUR Company name : CRYO PUR Legal form : Soci\u00e9t\u00e9 par actions simplifi\u00e9e (SAS) Head office address : 4, rue du Vaulorin &#8211; 91320 Wissous &#8211; France Amount of share capital : 1 599 841 \u20ac Email address : contact@cryopur.com Phone number : +33 1 80 38 41 32 Registration number in the Trade [&hellip;]","og_url":"http:\/\/www.cryopur.com\/en\/legal-notice\/","og_site_name":"Cryo Pur","article_modified_time":"2022-12-20T17:13:28+00:00","og_image":[{"width":1600,"height":773,"url":"http:\/\/www.cryopur.com\/wp-content\/uploads\/2017\/04\/CryoPur-Mentions_legales.jpg","type":"image\/jpeg"}],"twitter_card":"summary_large_image","twitter_site":"@Cryo_Pur","twitter_misc":{"Est. reading time":"1 minute"},"schema":{"@context":"https:\/\/schema.org","@graph":[{"@type":"WebPage","@id":"http:\/\/www.cryopur.com\/en\/legal-notice\/","url":"http:\/\/www.cryopur.com\/en\/legal-notice\/","name":"Legal notice","isPartOf":{"@id":"http:\/\/www.cryopur.com\/#website"},"datePublished":"2017-04-14T16:14:15+00:00","dateModified":"2022-12-20T17:13:28+00:00","breadcrumb":{"@id":"http:\/\/www.cryopur.com\/en\/legal-notice\/#breadcrumb"},"inLanguage":"en-US","potentialAction":[{"@type":"ReadAction","target":["http:\/\/www.cryopur.com\/en\/legal-notice\/"]}]},{"@type":"BreadcrumbList","@id":"http:\/\/www.cryopur.com\/en\/legal-notice\/#breadcrumb","itemListElement":[{"@type":"ListItem","position":1,"name":"Accueil","item":"http:\/\/www.cryopur.com\/en\/"},{"@type":"ListItem","position":2,"name":"Legal notice"}]},{"@type":"WebSite","@id":"http:\/\/www.cryopur.com\/#website","url":"http:\/\/www.cryopur.com\/","name":"Cryo Pur","description":"From waste to fuel","potentialAction":[{"@type":"SearchAction","target":{"@type":"EntryPoint","urlTemplate":"http:\/\/www.cryopur.com\/?s={search_term_string}"},"query-input":"required name=search_term_string"}],"inLanguage":"en-US"}]}},"_links":{"self":[{"href":"http:\/\/www.cryopur.com\/en\/wp-json\/wp\/v2\/pages\/330"}],"collection":[{"href":"http:\/\/www.cryopur.com\/en\/wp-json\/wp\/v2\/pages"}],"about":[{"href":"http:\/\/www.cryopur.com\/en\/wp-json\/wp\/v2\/types\/page"}],"author":[{"embeddable":true,"href":"http:\/\/www.cryopur.com\/en\/wp-json\/wp\/v2\/users\/2"}],"replies":[{"embeddable":true,"href":"http:\/\/www.cryopur.com\/en\/wp-json\/wp\/v2\/comments?post=330"}],"version-history":[{"count":6,"href":"http:\/\/www.cryopur.com\/en\/wp-json\/wp\/v2\/pages\/330\/revisions"}],"predecessor-version":[{"id":1701,"href":"http:\/\/www.cryopur.com\/en\/wp-json\/wp\/v2\/pages\/330\/revisions\/1701"}],"wp:featuredmedia":[{"embeddable":true,"href":"http:\/\/www.cryopur.com\/en\/wp-json\/wp\/v2\/media\/1291"}],"wp:attachment":[{"href":"http:\/\/www.cryopur.com\/en\/wp-json\/wp\/v2\/media?parent=330"}],"curies":[{"name":"wp","href":"https:\/\/api.w.org\/{rel}","templated":true}]}}